{"id":8960,"date":"2025-09-29T16:00:56","date_gmt":"2025-09-29T14:00:56","guid":{"rendered":"https:\/\/asm44.org\/?page_id=8960"},"modified":"2025-09-29T19:13:56","modified_gmt":"2025-09-29T17:13:56","slug":"participation-visite-musee-pays-de-retz-7-novembre-2025-14-h-30","status":"publish","type":"page","link":"https:\/\/asm44.org\/index.php\/participation-visite-musee-pays-de-retz-7-novembre-2025-14-h-30\/","title":{"rendered":"Visite Mus\u00e9e Pays De Retz                                               7 novembre 2025 14 h 30"},"content":{"rendered":"\n<h3 class=\"wp-block-heading\">Vous pouvez r\u00e9gler votre participation de 11 \u20ac par personne:<\/h3>\n\n\n\n<h2 class=\"wp-block-heading\"><strong>1 &#8211;<\/strong> <strong>Par virement. T\u00e9l\u00e9charger le RIB. <\/strong><\/h2>\n\n\n\n<p><strong><a class=\"maxbutton-112 maxbutton maxbutton-telecharger-rib\" title=\"R\u00e9gler par virement Bancaire\" href=\"https:\/\/asm44.org\/wp-content\/uploads\/2025\/09\/rib-ASM.jpg\"><span class='mb-text'>R\u00e9gler par virement bancaire<\/span><\/a><\/strong><\/p>\n\n\n\n<h2 class=\"wp-block-heading\"><strong>2 &#8211; Ici en utilisant la plateforme HelloAsso. <\/strong><\/h2>\n\n\n\n<p><strong><a class=\"maxbutton-111 maxbutton maxbutton-regler-par-carte-bancaire\" title=\"R\u00e9gler par Carte Bancaire\" href=\"https:\/\/www.helloasso.com\/associations\/association-des-amis-de-sainte-marie-sur-mer\/evenements\/visite-guidee-musee-du-pays-de-retz\"><span class='mb-text'>R\u00e9gler par Carte Bancaire<\/span><\/a><\/strong><\/p>\n\n\n\n<p>Le si\u00e8ge se charge de r\u00e9mun\u00e9rer la plateforme directement. <span style=\"text-decoration: underline;\"><strong>Vous  n&rsquo;avez pas \u00e0 souscrire une participation volontaire \u00e0 titre individuel.<\/strong><\/span> <\/p>\n\n\n\n<h2 class=\"wp-block-heading\"><strong>3 &#8211; Par ch\u00e8que envoy\u00e9 \u00e0 l&rsquo;adresse suivante :<\/strong><\/h2>\n\n\n\n<p>A Mr Claude LETERRIER Tr\u00e9sorier, 25 rue des Bougrenets 44210 PORNIC<\/p>\n\n\n\n<p><\/p>\n","protected":false},"excerpt":{"rendered":"<p>Vous pouvez r\u00e9gler votre participation de 11 \u20ac par personne: 1 &#8211; Par virement. T\u00e9l\u00e9charger le RIB. 2 &#8211; Ici en utilisant la plateforme HelloAsso. Le si\u00e8ge se charge de r\u00e9mun\u00e9rer la plateforme directement. Vous n&rsquo;avez pas \u00e0 souscrire une &hellip; <a href=\"https:\/\/asm44.org\/index.php\/participation-visite-musee-pays-de-retz-7-novembre-2025-14-h-30\/\">Continuer la lecture <span class=\"meta-nav\">&rarr;<\/span><\/a><\/p>\n","protected":false},"author":2,"featured_media":0,"parent":0,"menu_order":0,"comment_status":"closed","ping_status":"closed","template":"onecolumn-page.php","meta":{"jetpack_post_was_ever_published":false,"footnotes":""},"class_list":["post-8960","page","type-page","status-publish","hentry"],"jetpack_sharing_enabled":true,"jetpack_shortlink":"https:\/\/wp.me\/P9eCVh-2kw","jetpack_likes_enabled":false,"jetpack-related-posts":[],"_links":{"self":[{"href":"https:\/\/asm44.org\/index.php\/wp-json\/wp\/v2\/pages\/8960","targetHints":{"allow":["GET"]}}],"collection":[{"href":"https:\/\/asm44.org\/index.php\/wp-json\/wp\/v2\/pages"}],"about":[{"href":"https:\/\/asm44.org\/index.php\/wp-json\/wp\/v2\/types\/page"}],"author":[{"embeddable":true,"href":"https:\/\/asm44.org\/index.php\/wp-json\/wp\/v2\/users\/2"}],"replies":[{"embeddable":true,"href":"https:\/\/asm44.org\/index.php\/wp-json\/wp\/v2\/comments?post=8960"}],"version-history":[{"count":7,"href":"https:\/\/asm44.org\/index.php\/wp-json\/wp\/v2\/pages\/8960\/revisions"}],"predecessor-version":[{"id":8977,"href":"https:\/\/asm44.org\/index.php\/wp-json\/wp\/v2\/pages\/8960\/revisions\/8977"}],"wp:attachment":[{"href":"https:\/\/asm44.org\/index.php\/wp-json\/wp\/v2\/media?parent=8960"}],"curies":[{"name":"wp","href":"https:\/\/api.w.org\/{rel}","templated":true}]}}