{"id":8676,"date":"2025-07-28T13:40:41","date_gmt":"2025-07-28T11:40:41","guid":{"rendered":"https:\/\/asm44.org\/?page_id=8676"},"modified":"2025-07-31T09:46:41","modified_gmt":"2025-07-31T07:46:41","slug":"exemplaire-de-pouvoir-pour-ag-asm-2025","status":"publish","type":"page","link":"https:\/\/asm44.org\/index.php\/exemplaire-de-pouvoir-pour-ag-asm-2025\/","title":{"rendered":"POUVOIR POUR AG ASM 16 ao\u00fbt 2025"},"content":{"rendered":"\n<div class=\"wpforms-container wpforms-container-full wpforms-render-modern\" id=\"wpforms-8662\"><form id=\"wpforms-form-8662\" class=\"wpforms-validate wpforms-form wpforms-ajax-form\" data-formid=\"8662\" method=\"post\" enctype=\"multipart\/form-data\" action=\"\/index.php\/wp-json\/wp\/v2\/pages\/8676\" data-token=\"b70489d78102abc9ec0844af3309cea7\" data-token-time=\"1777901362\"><noscript class=\"wpforms-error-noscript\">Veuillez activer JavaScript dans votre navigateur pour remplir ce formulaire.<\/noscript><div id=\"wpforms-error-noscript\" style=\"display: none;\">Veuillez activer JavaScript dans votre navigateur pour remplir ce formulaire.<\/div><div class=\"wpforms-field-container\"><div id=\"wpforms-8662-field_1-container\" class=\"wpforms-field wpforms-field-name\" data-field-id=\"1\"><fieldset><legend class=\"wpforms-field-label\">Pr\u00e9nom  Nom du mandant <span class=\"wpforms-required-label\" aria-hidden=\"true\">*<\/span><\/legend><div class=\"wpforms-field-row wpforms-field-medium\"><div class=\"wpforms-field-row-block wpforms-first wpforms-one-half\"><input type=\"text\" id=\"wpforms-8662-field_1\" class=\"wpforms-field-name-first wpforms-field-required\" name=\"wpforms[fields][1][first]\" placeholder=\"Pr\u00e9nom\" aria-errormessage=\"wpforms-8662-field_1-error\" required><label for=\"wpforms-8662-field_1\" class=\"wpforms-field-sublabel after wpforms-sublabel-hide\">Pr\u00e9nom<\/label><\/div><div class=\"wpforms-field-row-block wpforms-one-half\"><input type=\"text\" id=\"wpforms-8662-field_1-last\" class=\"wpforms-field-name-last wpforms-field-required\" name=\"wpforms[fields][1][last]\" placeholder=\"Nom\" aria-errormessage=\"wpforms-8662-field_1-last-error\" required><label for=\"wpforms-8662-field_1-last\" class=\"wpforms-field-sublabel after wpforms-sublabel-hide\">Nom<\/label><\/div><\/div><\/fieldset><\/div><div id=\"wpforms-8662-field_2-container\" class=\"wpforms-field wpforms-field-email\" data-field-id=\"2\"><label class=\"wpforms-field-label\" for=\"wpforms-8662-field_2\">E-mail du mandant <span class=\"wpforms-required-label\" aria-hidden=\"true\">*<\/span><\/label><input type=\"email\" id=\"wpforms-8662-field_2\" class=\"wpforms-field-medium wpforms-field-required\" name=\"wpforms[fields][2]\" spellcheck=\"false\" aria-errormessage=\"wpforms-8662-field_2-error\" required><\/div><div id=\"wpforms-8662-field_8-container\" class=\"wpforms-field wpforms-field-checkbox\" data-field-id=\"8\"><fieldset><legend class=\"wpforms-field-label\">Procuration  <span class=\"wpforms-required-label\" aria-hidden=\"true\">*<\/span><\/legend><ul id=\"wpforms-8662-field_8\" class=\"wpforms-field-required\"><li class=\"choice-1 depth-1\"><input type=\"checkbox\" id=\"wpforms-8662-field_8_1\" name=\"wpforms[fields][8][]\" value=\"Je donne pouvoir\" aria-errormessage=\"wpforms-8662-field_8_1-error\" aria-describedby=\"wpforms-8662-field_8-description\" required ><label class=\"wpforms-field-label-inline\" for=\"wpforms-8662-field_8_1\">Je donne pouvoir<\/label><\/li><\/ul><div id=\"wpforms-8662-field_8-description\" class=\"wpforms-field-description\">Ne pouvant assister \u00e0 l'assembl\u00e9e g\u00e9n\u00e9rale du 16 aout 2025, je donne pouvoir \u00e0 la personne d\u00e9sign\u00e9e ci dessous pour me repr\u00e9senter. \nElle pourra, en mon nom, prendre part \u00e0 l'ensemble des d\u00e9lib\u00e9rations, voter ou s'abstenir, et participer \u00e0 tous les d\u00e9bats pr\u00e9vus \u00e0 l'ordre du jour.\nPar d\u00e9faut le pr\u00e9sident de l'association est d\u00e9sign\u00e9 mandataire. \n<\/div><\/fieldset><\/div>\t\t<div id=\"wpforms-8662-field_3-container\"\n\t\t\tclass=\"wpforms-field wpforms-field-text\"\n\t\t\tdata-field-type=\"text\"\n\t\t\tdata-field-id=\"3\"\n\t\t\t>\n\t\t\t<label class=\"wpforms-field-label\" for=\"wpforms-8662-field_3\" >mandant E-mail du<\/label>\n\t\t\t<input type=\"text\" id=\"wpforms-8662-field_3\" class=\"wpforms-field-medium\" name=\"wpforms[fields][3]\" >\n\t\t<\/div>\n\t\t<div id=\"wpforms-8662-field_9-container\" class=\"wpforms-field wpforms-field-name\" data-field-id=\"9\"><fieldset><legend class=\"wpforms-field-label\">Mandat donn\u00e9 \u00e0 : <span class=\"wpforms-required-label\" aria-hidden=\"true\">*<\/span><\/legend><div class=\"wpforms-field-row wpforms-field-medium\"><div class=\"wpforms-field-row-block wpforms-first wpforms-one-half\"><input type=\"text\" id=\"wpforms-8662-field_9\" class=\"wpforms-field-name-first wpforms-field-required\" name=\"wpforms[fields][9][first]\" value=\"Jean Marc\" placeholder=\"Pr\u00e9nom mandataire\" aria-errormessage=\"wpforms-8662-field_9-error\" required><label for=\"wpforms-8662-field_9\" class=\"wpforms-field-sublabel after\">Pr\u00e9nom<\/label><\/div><div class=\"wpforms-field-row-block wpforms-one-half\"><input type=\"text\" id=\"wpforms-8662-field_9-last\" class=\"wpforms-field-name-last wpforms-field-required\" name=\"wpforms[fields][9][last]\" value=\"Hainigue\" placeholder=\"Nom mandataire\" aria-errormessage=\"wpforms-8662-field_9-last-error\" required><label for=\"wpforms-8662-field_9-last\" class=\"wpforms-field-sublabel after\">Nom<\/label><\/div><\/div><\/fieldset><\/div><div id=\"wpforms-8662-field_5-container\" class=\"wpforms-field wpforms-field-checkbox\" data-field-id=\"5\"><fieldset><legend class=\"wpforms-field-label\">Attestation de sinc\u00e9rit\u00e9 <span class=\"wpforms-required-label\" aria-hidden=\"true\">*<\/span><\/legend><ul id=\"wpforms-8662-field_5\" class=\"wpforms-field-required\"><li class=\"choice-1 depth-1\"><input type=\"checkbox\" id=\"wpforms-8662-field_5_1\" name=\"wpforms[fields][5][]\" value=\"Certifi\u00e9 exact\" aria-errormessage=\"wpforms-8662-field_5_1-error\" aria-describedby=\"wpforms-8662-field_5-description\" required ><label class=\"wpforms-field-label-inline\" for=\"wpforms-8662-field_5_1\">Certifi\u00e9 exact<\/label><\/li><\/ul><div id=\"wpforms-8662-field_5-description\" class=\"wpforms-field-description\">Je certifie \u00eatre membre de l'association des Amis de Sainte Marie et \u00e0 jour de ma cotisation 2025.\nJe certifie \u00e9galement que la personne \u00e0 qui je donne pouvoir pour me repr\u00e9senter \u00e0 l'assembl\u00e9e g\u00e9n\u00e9rale 2025 est membre de l'association et \u00e0 jour de sa cotisation annuelle.<\/div><\/fieldset><\/div><script>\n\t\t\t\t( function() {\n\t\t\t\t\tconst style = document.createElement( 'style' );\n\t\t\t\t\tstyle.appendChild( document.createTextNode( '#wpforms-8662-field_3-container { position: absolute !important; overflow: hidden !important; display: inline !important; height: 1px !important; width: 1px !important; z-index: -1000 !important; padding: 0 !important; } #wpforms-8662-field_3-container input { visibility: hidden; } #wpforms-conversational-form-page #wpforms-8662-field_3-container label { counter-increment: none; }' ) );\n\t\t\t\t\tdocument.head.appendChild( style );\n\t\t\t\t\tdocument.currentScript?.remove();\n\t\t\t\t} )();\n\t\t\t<\/script><\/div><!-- .wpforms-field-container --><div class=\"wpforms-submit-container\" ><input type=\"hidden\" name=\"wpforms[id]\" value=\"8662\"><input type=\"hidden\" name=\"page_title\" value=\"\"><input type=\"hidden\" name=\"page_url\" value=\"https:\/\/asm44.org\/index.php\/wp-json\/wp\/v2\/pages\/8676\"><input type=\"hidden\" name=\"url_referer\" value=\"\"><button type=\"submit\" name=\"wpforms[submit]\" id=\"wpforms-submit-8662\" class=\"wpforms-submit\" data-alt-text=\"Envoi en cours\" data-submit-text=\"Envoyer\" aria-live=\"assertive\" value=\"wpforms-submit\">Envoyer<\/button><img decoding=\"async\" src=\"https:\/\/asm44.org\/wp-content\/plugins\/wpforms-lite\/assets\/images\/submit-spin.svg\" class=\"wpforms-submit-spinner\" style=\"display: none;\" width=\"26\" height=\"26\" alt=\"Chargement en cours\"><\/div><\/form><\/div>  <!-- .wpforms-container -->\n\n\n\n<p><\/p>\n","protected":false},"excerpt":{"rendered":"","protected":false},"author":2,"featured_media":0,"parent":0,"menu_order":0,"comment_status":"closed","ping_status":"closed","template":"","meta":{"jetpack_post_was_ever_published":false,"footnotes":""},"class_list":["post-8676","page","type-page","status-publish","hentry"],"jetpack_sharing_enabled":true,"jetpack_shortlink":"https:\/\/wp.me\/P9eCVh-2fW","jetpack_likes_enabled":false,"jetpack-related-posts":[],"_links":{"self":[{"href":"https:\/\/asm44.org\/index.php\/wp-json\/wp\/v2\/pages\/8676","targetHints":{"allow":["GET"]}}],"collection":[{"href":"https:\/\/asm44.org\/index.php\/wp-json\/wp\/v2\/pages"}],"about":[{"href":"https:\/\/asm44.org\/index.php\/wp-json\/wp\/v2\/types\/page"}],"author":[{"embeddable":true,"href":"https:\/\/asm44.org\/index.php\/wp-json\/wp\/v2\/users\/2"}],"replies":[{"embeddable":true,"href":"https:\/\/asm44.org\/index.php\/wp-json\/wp\/v2\/comments?post=8676"}],"version-history":[{"count":3,"href":"https:\/\/asm44.org\/index.php\/wp-json\/wp\/v2\/pages\/8676\/revisions"}],"predecessor-version":[{"id":8715,"href":"https:\/\/asm44.org\/index.php\/wp-json\/wp\/v2\/pages\/8676\/revisions\/8715"}],"wp:attachment":[{"href":"https:\/\/asm44.org\/index.php\/wp-json\/wp\/v2\/media?parent=8676"}],"curies":[{"name":"wp","href":"https:\/\/api.w.org\/{rel}","templated":true}]}}