{"id":6424,"date":"2024-08-04T10:19:30","date_gmt":"2024-08-04T08:19:30","guid":{"rendered":"https:\/\/asm44.org\/?page_id=6424"},"modified":"2024-08-16T18:52:26","modified_gmt":"2024-08-16T16:52:26","slug":"prochaine-assemblee-generale-asm-le-10-aout-2024-a-17h30-salle-polyvalente-du-val-saint-martin-pornic","status":"publish","type":"page","link":"https:\/\/asm44.org\/index.php\/prochaine-assemblee-generale-asm-le-10-aout-2024-a-17h30-salle-polyvalente-du-val-saint-martin-pornic\/","title":{"rendered":"COMPTES REDUS DES ASSEMBLEES GENERALES"},"content":{"rendered":"\n<p class=\"has-medium-font-size\">Les comptes rendus des derni\u00e8res assembl\u00e9es g\u00e9n\u00e9rales sont consultables en cliquant sur l&rsquo;un des liens ci dessous.<\/p>\n\n\n\n<p class=\"has-medium-font-size\">Bonne lecture<\/p>\n\n\n\n<p><strong><a class=\"maxbutton-91 maxbutton maxbutton-cr-ag-2024\" href=\"https:\/\/asm44.org\/wp-content\/uploads\/2024\/08\/AG-2024-CPT-RENDU.pdf\"><span class='mb-text'>T\u00e9l\u00e9charger le Compte rendu de l&#039;AG aout 2024<\/span><\/a><\/strong><\/p>\n\n\n\n<p><strong><a class=\"maxbutton-87 maxbutton maxbutton-cr-ag-2023\" href=\"https:\/\/asm44.org\/wp-content\/uploads\/2023\/11\/ASM-CR-AG-2023.pdf\"><span class='mb-text'>T\u00e9l\u00e9charger le Compte rendu de l&#039;AG aout 2023<\/span><\/a><\/strong><\/p>\n\n\n\n<p><strong><a class=\"maxbutton-66 maxbutton maxbutton-cr-ag-2022\" href=\"https:\/\/asm44.org\/wp-content\/uploads\/2023\/03\/PV-ASS-GENERALE-2022-1.pdf\"><span class='mb-text'>T\u00e9l\u00e9charger le Compte rendu de l&#039;AG aout 2022<\/span><\/a><\/strong> <\/p>\n\n\n\n<p><strong><a class=\"maxbutton-65 maxbutton maxbutton-cr-ag-2021\" href=\"https:\/\/asm44.org\/wp-content\/uploads\/2022\/08\/ASM-PV-AG-2021-definitif.pdf\"><span class='mb-text'>T\u00e9l\u00e9charger le Compte rendu de l&#039;AG aout 2021<\/span><\/a><\/strong> <\/p>\n\n\n\n<p><\/p>\n\n\n\n<p><\/p>\n\n\n\n<p><\/p>\n","protected":false},"excerpt":{"rendered":"<p>Les comptes rendus des derni\u00e8res assembl\u00e9es g\u00e9n\u00e9rales sont consultables en cliquant sur l&rsquo;un des liens ci dessous. Bonne lecture<\/p>\n","protected":false},"author":1,"featured_media":0,"parent":0,"menu_order":0,"comment_status":"closed","ping_status":"closed","template":"onecolumn-page.php","meta":{"jetpack_post_was_ever_published":false,"footnotes":""},"class_list":["post-6424","page","type-page","status-publish","hentry"],"jetpack_sharing_enabled":true,"jetpack_shortlink":"https:\/\/wp.me\/P9eCVh-1FC","jetpack_likes_enabled":false,"jetpack-related-posts":[],"_links":{"self":[{"href":"https:\/\/asm44.org\/index.php\/wp-json\/wp\/v2\/pages\/6424","targetHints":{"allow":["GET"]}}],"collection":[{"href":"https:\/\/asm44.org\/index.php\/wp-json\/wp\/v2\/pages"}],"about":[{"href":"https:\/\/asm44.org\/index.php\/wp-json\/wp\/v2\/types\/page"}],"author":[{"embeddable":true,"href":"https:\/\/asm44.org\/index.php\/wp-json\/wp\/v2\/users\/1"}],"replies":[{"embeddable":true,"href":"https:\/\/asm44.org\/index.php\/wp-json\/wp\/v2\/comments?post=6424"}],"version-history":[{"count":3,"href":"https:\/\/asm44.org\/index.php\/wp-json\/wp\/v2\/pages\/6424\/revisions"}],"predecessor-version":[{"id":6484,"href":"https:\/\/asm44.org\/index.php\/wp-json\/wp\/v2\/pages\/6424\/revisions\/6484"}],"wp:attachment":[{"href":"https:\/\/asm44.org\/index.php\/wp-json\/wp\/v2\/media?parent=6424"}],"curies":[{"name":"wp","href":"https:\/\/api.w.org\/{rel}","templated":true}]}}