{"id":2010,"date":"2021-11-25T13:15:38","date_gmt":"2021-11-25T12:15:38","guid":{"rendered":"https:\/\/asm44.org\/?page_id=2010"},"modified":"2023-11-23T10:55:19","modified_gmt":"2023-11-23T09:55:19","slug":"sondage-dopinion-asm-juillet-2022","status":"publish","type":"page","link":"https:\/\/asm44.org\/index.php\/sondage-dopinion-asm-juillet-2022\/","title":{"rendered":"Donnez votre avis"},"content":{"rendered":"\n<ul class=\"wp-block-list\">\n<li>D\u00e8s qu&rsquo;il en a l&rsquo;occasion, l&rsquo;ASM se rapproche de ses adh\u00e9rents pour recueillir leurs avis et suggestions. les questions ouvertes auxquelles vous voudrez bien r\u00e9pondre, nous permettent de rester au plus pr\u00e8s de vos pr\u00e9occupations et repr\u00e9sente une excellente mati\u00e8re pour pr\u00e9parer notre prochaine assembl\u00e9e g\u00e9n\u00e9rale.<\/li>\n<\/ul>\n\n\n<p><iframe src=\"https:\/\/docs.google.com\/forms\/d\/e\/1FAIpQLSepWopfeVpcfbwCqRQHOOTMnI5TBqSNEpN6SAuV6p-wVOIYIA\/viewform?embedded=true\" width=\"640\" height=\"750\" frameborder=\"0\" marginwidth=\"0\" marginheight=\"0\">Chargement\u2026<\/iframe><\/p>","protected":false},"excerpt":{"rendered":"<p>Chargement\u2026<\/p>\n","protected":false},"author":1,"featured_media":0,"parent":0,"menu_order":0,"comment_status":"closed","ping_status":"closed","template":"elementor_header_footer","meta":{"jetpack_post_was_ever_published":false,"footnotes":""},"class_list":["post-2010","page","type-page","status-publish","hentry"],"jetpack_sharing_enabled":true,"jetpack_shortlink":"https:\/\/wp.me\/P9eCVh-wq","jetpack_likes_enabled":false,"jetpack-related-posts":[],"_links":{"self":[{"href":"https:\/\/asm44.org\/index.php\/wp-json\/wp\/v2\/pages\/2010","targetHints":{"allow":["GET"]}}],"collection":[{"href":"https:\/\/asm44.org\/index.php\/wp-json\/wp\/v2\/pages"}],"about":[{"href":"https:\/\/asm44.org\/index.php\/wp-json\/wp\/v2\/types\/page"}],"author":[{"embeddable":true,"href":"https:\/\/asm44.org\/index.php\/wp-json\/wp\/v2\/users\/1"}],"replies":[{"embeddable":true,"href":"https:\/\/asm44.org\/index.php\/wp-json\/wp\/v2\/comments?post=2010"}],"version-history":[{"count":48,"href":"https:\/\/asm44.org\/index.php\/wp-json\/wp\/v2\/pages\/2010\/revisions"}],"predecessor-version":[{"id":5443,"href":"https:\/\/asm44.org\/index.php\/wp-json\/wp\/v2\/pages\/2010\/revisions\/5443"}],"wp:attachment":[{"href":"https:\/\/asm44.org\/index.php\/wp-json\/wp\/v2\/media?parent=2010"}],"curies":[{"name":"wp","href":"https:\/\/api.w.org\/{rel}","templated":true}]}}