{"id":1703,"date":"2021-08-31T11:31:09","date_gmt":"2021-08-31T09:31:09","guid":{"rendered":"https:\/\/asm44.org\/?page_id=1703"},"modified":"2021-09-02T00:55:35","modified_gmt":"2021-09-01T22:55:35","slug":"echo-des-criques-newsletters-2020","status":"publish","type":"page","link":"https:\/\/asm44.org\/index.php\/echo-des-criques-newsletters-2020\/","title":{"rendered":"ECHO DES CRIQUES  2020 (Archives)"},"content":{"rendered":"\n<p>De janvier \u00e0 d\u00e9cembre, l&rsquo;\u00e9quipe de l&rsquo;ASM vous informe r\u00e9guli\u00e8rement sur les petits et grands \u00e9v\u00e8nement qui concernent la vie de la communaut\u00e9 Sanmaritaine.<\/p>\n\n\n\n<p><strong><a class=\"maxbutton-10 maxbutton maxbutton-news-fevrier-2020\" href=\"https:\/\/asm44.org\/wp-content\/uploads\/2021\/08\/news-fev-2020.pdf\"><span class='mb-text'>News f\u00e9vrier 2020<\/span><\/a><\/strong>  <strong><a class=\"maxbutton-11 maxbutton maxbutton-news-mars-2020\" href=\"https:\/\/asm44.org\/wp-content\/uploads\/2021\/08\/news-mars-2020.pdf\"><span class='mb-text'>News mars 2020<\/span><\/a><\/strong>   <strong><a class=\"maxbutton-13 maxbutton maxbutton-news-avril-2020\" href=\"https:\/\/asm44.org\/wp-content\/uploads\/2021\/08\/news-avril-2020.pdf\"><span class='mb-text'>News avril 2020<\/span><\/a><\/strong>  <\/p>\n\n\n\n<p><strong><a class=\"maxbutton-12 maxbutton maxbutton-news-mai-2020\" href=\"https:\/\/asm44.org\/wp-content\/uploads\/2021\/08\/news-mai-2020.pdf\"><span class='mb-text'>News mai 2020<\/span><\/a><\/strong>  <strong><a class=\"maxbutton-31 maxbutton maxbutton-news-juin-2020\" href=\"https:\/\/asm44.org\/wp-content\/uploads\/2021\/08\/news-juin-2020.pdf\"><span class='mb-text'>News juin 2020<\/span><\/a><\/strong>  <strong><a class=\"maxbutton-14 maxbutton maxbutton-news-juillet-2020\" href=\"https:\/\/asm44.org\/wp-content\/uploads\/2021\/08\/news-juillet-2020.pdf\"><span class='mb-text'>News juillet 2020<\/span><\/a><\/strong>  <\/p>\n\n\n\n<p><strong><a class=\"maxbutton-15 maxbutton maxbutton-news-aout-2020\" href=\"https:\/\/asm44.org\/wp-content\/uploads\/2021\/08\/news-aout-2020.pdf\"><span class='mb-text'>News aout 2020<\/span><\/a><\/strong>  <strong><a class=\"maxbutton-16 maxbutton maxbutton-news-septembre-2020\" href=\"https:\/\/asm44.org\/wp-content\/uploads\/2021\/08\/news-septembre-2020.pdf\"><span class='mb-text'>News septembre 2020<\/span><\/a><\/strong>  <strong><a class=\"maxbutton-17 maxbutton maxbutton-news-octobre-2020\" href=\"https:\/\/asm44.org\/wp-content\/uploads\/2021\/08\/news-octobre-2020.pdf\"><span class='mb-text'>News octobre 2020<\/span><\/a><\/strong>  <\/p>\n\n\n\n<p><strong><a class=\"maxbutton-18 maxbutton maxbutton-news-novembre-2020\" href=\"https:\/\/asm44.org\/wp-content\/uploads\/2021\/08\/news-novembre-2020.pdf\"><span class='mb-text'>News novembre 2020<\/span><\/a><\/strong>  <strong><a class=\"maxbutton-19 maxbutton maxbutton-news-decembre-2020\" href=\"https:\/\/asm44.org\/wp-content\/uploads\/2021\/08\/news-decembre-2020.pdf\"><span class='mb-text'>News decembre 2020<\/span><\/a><\/strong><\/p>\n","protected":false},"excerpt":{"rendered":"<p>De janvier \u00e0 d\u00e9cembre, l&rsquo;\u00e9quipe de l&rsquo;ASM vous informe r\u00e9guli\u00e8rement sur les petits et grands \u00e9v\u00e8nement qui concernent la vie de la communaut\u00e9 Sanmaritaine.<\/p>\n","protected":false},"author":2,"featured_media":0,"parent":0,"menu_order":0,"comment_status":"closed","ping_status":"closed","template":"onecolumn-page.php","meta":{"jetpack_post_was_ever_published":false,"footnotes":""},"class_list":["post-1703","page","type-page","status-publish","hentry"],"jetpack_sharing_enabled":true,"jetpack_shortlink":"https:\/\/wp.me\/P9eCVh-rt","jetpack_likes_enabled":false,"jetpack-related-posts":[],"_links":{"self":[{"href":"https:\/\/asm44.org\/index.php\/wp-json\/wp\/v2\/pages\/1703","targetHints":{"allow":["GET"]}}],"collection":[{"href":"https:\/\/asm44.org\/index.php\/wp-json\/wp\/v2\/pages"}],"about":[{"href":"https:\/\/asm44.org\/index.php\/wp-json\/wp\/v2\/types\/page"}],"author":[{"embeddable":true,"href":"https:\/\/asm44.org\/index.php\/wp-json\/wp\/v2\/users\/2"}],"replies":[{"embeddable":true,"href":"https:\/\/asm44.org\/index.php\/wp-json\/wp\/v2\/comments?post=1703"}],"version-history":[{"count":14,"href":"https:\/\/asm44.org\/index.php\/wp-json\/wp\/v2\/pages\/1703\/revisions"}],"predecessor-version":[{"id":1740,"href":"https:\/\/asm44.org\/index.php\/wp-json\/wp\/v2\/pages\/1703\/revisions\/1740"}],"wp:attachment":[{"href":"https:\/\/asm44.org\/index.php\/wp-json\/wp\/v2\/media?parent=1703"}],"curies":[{"name":"wp","href":"https:\/\/api.w.org\/{rel}","templated":true}]}}