{"id":1643,"date":"2021-08-30T16:18:34","date_gmt":"2021-08-30T14:18:34","guid":{"rendered":"https:\/\/asm44.org\/?page_id=1643"},"modified":"2026-01-04T10:38:08","modified_gmt":"2026-01-04T09:38:08","slug":"cotisation-asm-2021","status":"publish","type":"page","link":"https:\/\/asm44.org\/index.php\/cotisation-asm-2021\/","title":{"rendered":"COTISATION ANNUELLE 2026 : 15 \u20ac"},"content":{"rendered":"\n<h2 class=\"wp-block-heading\">Vous pouvez r\u00e9gler votre cotisation de 15 \u20ac :<\/h2>\n\n\n\n<h3 class=\"wp-block-heading\"><strong>Par virement. T\u00e9l\u00e9charger le bulletin d&rsquo;adh\u00e9sion. <\/strong><\/h3>\n\n\n\n<p><strong><a class=\"maxbutton-95 maxbutton maxbutton-telecharger-bulletin-d-adhesion\" title=\"R\u00e9gler par virement Bancaire\" href=\"https:\/\/asm44.org\/wp-content\/uploads\/2026\/01\/Bulletin-cotisation-2026.pdf\"><span class='mb-text'>R\u00e9gler par virement bancaire<\/span><\/a><\/strong><\/p>\n\n\n\n<h3 class=\"wp-block-heading\"><strong>Ici en utilisant la plateforme HelloAsso. <\/strong><\/h3>\n\n\n\n<p><strong><a class=\"maxbutton-96 maxbutton maxbutton-hello-asso\" title=\"R\u00e9gler par Carte Bancaire\" href=\"https:\/\/www.helloasso.com\/associations\/association-des-amis-de-sainte-marie-sur-mer\/adhesions\/adhesion-asm-2026\"><span class='mb-text'>R\u00e9gler par Carte Bancaire<\/span><\/a><\/strong><\/p>\n\n\n\n<p>Le si\u00e8ge se charge de r\u00e9mun\u00e9rer la plateforme directement. <span style=\"text-decoration: underline;\"><strong>Vous  n&rsquo;avez pas \u00e0 souscrire une participation volontaire \u00e0 titre individuel.<\/strong><\/span> <\/p>\n\n\n\n<h3 class=\"wp-block-heading\"><strong>3 &#8211; Par ch\u00e8que envoy\u00e9 \u00e0 l&rsquo;adresse suivante :<\/strong><\/h3>\n\n\n\n<p>A Mr Claude LETERRIER Tr\u00e9sorier, 25 rue des Bougrenets 44210 PORNIC<\/p>\n\n\n\n<p><\/p>\n","protected":false},"excerpt":{"rendered":"<p>Vous pouvez r\u00e9gler votre cotisation de 15 \u20ac : Par virement. T\u00e9l\u00e9charger le bulletin d&rsquo;adh\u00e9sion. Ici en utilisant la plateforme HelloAsso. Le si\u00e8ge se charge de r\u00e9mun\u00e9rer la plateforme directement. Vous n&rsquo;avez pas \u00e0 souscrire une participation volontaire \u00e0 titre &hellip; <a href=\"https:\/\/asm44.org\/index.php\/cotisation-asm-2021\/\">Continuer la lecture <span class=\"meta-nav\">&rarr;<\/span><\/a><\/p>\n","protected":false},"author":2,"featured_media":0,"parent":0,"menu_order":0,"comment_status":"closed","ping_status":"closed","template":"onecolumn-page.php","meta":{"jetpack_post_was_ever_published":false,"footnotes":""},"class_list":["post-1643","page","type-page","status-publish","hentry"],"jetpack_sharing_enabled":true,"jetpack_shortlink":"https:\/\/wp.me\/P9eCVh-qv","jetpack_likes_enabled":false,"jetpack-related-posts":[],"_links":{"self":[{"href":"https:\/\/asm44.org\/index.php\/wp-json\/wp\/v2\/pages\/1643","targetHints":{"allow":["GET"]}}],"collection":[{"href":"https:\/\/asm44.org\/index.php\/wp-json\/wp\/v2\/pages"}],"about":[{"href":"https:\/\/asm44.org\/index.php\/wp-json\/wp\/v2\/types\/page"}],"author":[{"embeddable":true,"href":"https:\/\/asm44.org\/index.php\/wp-json\/wp\/v2\/users\/2"}],"replies":[{"embeddable":true,"href":"https:\/\/asm44.org\/index.php\/wp-json\/wp\/v2\/comments?post=1643"}],"version-history":[{"count":33,"href":"https:\/\/asm44.org\/index.php\/wp-json\/wp\/v2\/pages\/1643\/revisions"}],"predecessor-version":[{"id":9219,"href":"https:\/\/asm44.org\/index.php\/wp-json\/wp\/v2\/pages\/1643\/revisions\/9219"}],"wp:attachment":[{"href":"https:\/\/asm44.org\/index.php\/wp-json\/wp\/v2\/media?parent=1643"}],"curies":[{"name":"wp","href":"https:\/\/api.w.org\/{rel}","templated":true}]}}